{"id":241,"date":"2025-03-14T10:57:05","date_gmt":"2025-03-14T10:57:05","guid":{"rendered":"https:\/\/transachyro.com\/?page_id=241"},"modified":"2025-03-14T11:20:51","modified_gmt":"2025-03-14T11:20:51","slug":"sobre-nosotros","status":"publish","type":"page","link":"https:\/\/transachyro.com\/?page_id=241","title":{"rendered":"Sobre Nosotros"},"content":{"rendered":"\t\t<div data-elementor-type=\"wp-page\" data-elementor-id=\"241\" class=\"elementor elementor-241\">\n\t\t\t\t<div class=\"elementor-element elementor-element-8c6afb6 e-flex e-con-boxed e-con e-parent\" data-id=\"8c6afb6\" data-element_type=\"container\">\n\t\t\t\t\t<div class=\"e-con-inner\">\n\t\t\t\t<div class=\"elementor-element elementor-element-d7a61b1 elementor-widget elementor-widget-heading\" data-id=\"d7a61b1\" data-element_type=\"widget\" data-widget_type=\"heading.default\">\n\t\t\t\t<div class=\"elementor-widget-container\">\n\t\t\t\t\t<h2 class=\"elementor-heading-title elementor-size-default\">Sobre Nosotros<\/h2>\t\t\t\t<\/div>\n\t\t\t\t<\/div>\n\t\t\t\t<div class=\"elementor-element elementor-element-6016337 elementor-widget elementor-widget-text-editor\" data-id=\"6016337\" data-element_type=\"widget\" data-widget_type=\"text-editor.default\">\n\t\t\t\t<div class=\"elementor-widget-container\">\n\t\t\t\t\t\t\t\t\t<p>En Trans Achyro, nos dedicamos a ofrecer a nuestros clientes una experiencia \u00fanica en la compra y venta de autos. Con a\u00f1os de experiencia en el mercado, nos aseguramos de que cada veh\u00edculo cumpla con los m\u00e1s altos est\u00e1ndares de calidad y satisfacci\u00f3n. Nuestro objetivo es brindarte el mejor servicio, asegurando que encuentres el coche que necesitas a precios competitivos.<\/p>\t\t\t\t\t\t\t\t<\/div>\n\t\t\t\t<\/div>\n\t\t\t\t<div class=\"elementor-element elementor-element-10fcb80 elementor-widget elementor-widget-image\" data-id=\"10fcb80\" data-element_type=\"widget\" data-widget_type=\"image.default\">\n\t\t\t\t<div class=\"elementor-widget-container\">\n\t\t\t\t\t\t\t\t\t\t\t\t\t\t\t<img fetchpriority=\"high\" decoding=\"async\" width=\"626\" height=\"417\" src=\"https:\/\/transachyro.com\/wp-content\/uploads\/2025\/03\/pareja-chateando-vendedor_13339-241425.jpg\" class=\"attachment-large size-large wp-image-249\" alt=\"\" srcset=\"https:\/\/transachyro.com\/wp-content\/uploads\/2025\/03\/pareja-chateando-vendedor_13339-241425.jpg 626w, https:\/\/transachyro.com\/wp-content\/uploads\/2025\/03\/pareja-chateando-vendedor_13339-241425-300x200.jpg 300w\" sizes=\"(max-width: 626px) 100vw, 626px\" \/>\t\t\t\t\t\t\t\t\t\t\t\t\t\t\t<\/div>\n\t\t\t\t<\/div>\n\t\t\t\t\t<\/div>\n\t\t\t\t<\/div>\n\t\t<div class=\"elementor-element elementor-element-c36a8a3 e-flex e-con-boxed e-con e-parent\" data-id=\"c36a8a3\" data-element_type=\"container\">\n\t\t\t\t\t<div class=\"e-con-inner\">\n\t\t\t\t<div class=\"elementor-element elementor-element-fa35025 elementor-widget elementor-widget-text-editor\" data-id=\"fa35025\" data-element_type=\"widget\" data-widget_type=\"text-editor.default\">\n\t\t\t\t<div class=\"elementor-widget-container\">\n\t\t\t\t\t\t\t\t\t<p>Contamos con un equipo de expertos en la industria automotriz, ofrecemos veh\u00edculos revisados y certificados, y tenemos opciones de financiamiento flexibles para que encuentres lo que buscas sin preocupaciones.<\/p>\t\t\t\t\t\t\t\t<\/div>\n\t\t\t\t<\/div>\n\t\t\t\t<div class=\"elementor-element elementor-element-96ca758 elementor-widget elementor-widget-image\" data-id=\"96ca758\" data-element_type=\"widget\" data-widget_type=\"image.default\">\n\t\t\t\t<div class=\"elementor-widget-container\">\n\t\t\t\t\t\t\t\t\t\t\t\t\t\t\t<img decoding=\"async\" width=\"996\" height=\"560\" src=\"https:\/\/transachyro.com\/wp-content\/uploads\/2025\/03\/fila-coches-nuevos-puerto_335224-806.jpg\" class=\"attachment-large size-large wp-image-251\" alt=\"\" srcset=\"https:\/\/transachyro.com\/wp-content\/uploads\/2025\/03\/fila-coches-nuevos-puerto_335224-806.jpg 996w, https:\/\/transachyro.com\/wp-content\/uploads\/2025\/03\/fila-coches-nuevos-puerto_335224-806-300x169.jpg 300w, https:\/\/transachyro.com\/wp-content\/uploads\/2025\/03\/fila-coches-nuevos-puerto_335224-806-768x432.jpg 768w\" sizes=\"(max-width: 996px) 100vw, 996px\" \/>\t\t\t\t\t\t\t\t\t\t\t\t\t\t\t<\/div>\n\t\t\t\t<\/div>\n\t\t\t\t<div class=\"elementor-element elementor-element-0b00b80 elementor-widget elementor-widget-text-editor\" data-id=\"0b00b80\" data-element_type=\"widget\" data-widget_type=\"text-editor.default\">\n\t\t\t\t<div class=\"elementor-widget-container\">\n\t\t\t\t\t\t\t\t\t<p>Nuestro equipo est\u00e1 compuesto por profesionales con a\u00f1os de experiencia en la industria. Nos apasiona lo que hacemos y nos aseguramos de ofrecer un servicio personalizado para cada cliente.<\/p>\t\t\t\t\t\t\t\t<\/div>\n\t\t\t\t<\/div>\n\t\t\t\t\t<\/div>\n\t\t\t\t<\/div>\n\t\t\t\t<\/div>\n\t\t","protected":false},"excerpt":{"rendered":"<p>Sobre Nosotros En Trans Achyro, nos dedicamos a ofrecer a nuestros clientes una experiencia \u00fanica en la compra y venta [&hellip;]<\/p>\n","protected":false},"author":3,"featured_media":0,"parent":0,"menu_order":0,"comment_status":"closed","ping_status":"closed","template":"","meta":{"site-sidebar-layout":"no-sidebar","site-content-layout":"","ast-site-content-layout":"full-width-container","site-content-style":"default","site-sidebar-style":"default","ast-global-header-display":"","ast-banner-title-visibility":"","ast-main-header-display":"","ast-hfb-above-header-display":"","ast-hfb-below-header-display":"","ast-hfb-mobile-header-display":"","site-post-title":"disabled","ast-breadcrumbs-content":"","ast-featured-img":"disabled","footer-sml-layout":"","theme-transparent-header-meta":"","adv-header-id-meta":"","stick-header-meta":"","header-above-stick-meta":"","header-main-stick-meta":"","header-below-stick-meta":"","astra-migrate-meta-layouts":"default","ast-page-background-enabled":"default","ast-page-background-meta":{"desktop":{"background-color":"var(--ast-global-color-5)","background-image":"","background-repeat":"repeat","background-position":"center center","background-size":"auto","background-attachment":"scroll","background-type":"","background-media":"","overlay-type":"","overlay-color":"","overlay-opacity":"","overlay-gradient":""},"tablet":{"background-color":"","background-image":"","background-repeat":"repeat","background-position":"center center","background-size":"auto","background-attachment":"scroll","background-type":"","background-media":"","overlay-type":"","overlay-color":"","overlay-opacity":"","overlay-gradient":""},"mobile":{"background-color":"","background-image":"","background-repeat":"repeat","background-position":"center center","background-size":"auto","background-attachment":"scroll","background-type":"","background-media":"","overlay-type":"","overlay-color":"","overlay-opacity":"","overlay-gradient":""}},"ast-content-background-meta":{"desktop":{"background-color":"var(--ast-global-color-4)","background-image":"","background-repeat":"repeat","background-position":"center center","background-size":"auto","background-attachment":"scroll","background-type":"","background-media":"","overlay-type":"","overlay-color":"","overlay-opacity":"","overlay-gradient":""},"tablet":{"background-color":"var(--ast-global-color-4)","background-image":"","background-repeat":"repeat","background-position":"center center","background-size":"auto","background-attachment":"scroll","background-type":"","background-media":"","overlay-type":"","overlay-color":"","overlay-opacity":"","overlay-gradient":""},"mobile":{"background-color":"var(--ast-global-color-4)","background-image":"","background-repeat":"repeat","background-position":"center center","background-size":"auto","background-attachment":"scroll","background-type":"","background-media":"","overlay-type":"","overlay-color":"","overlay-opacity":"","overlay-gradient":""}},"footnotes":""},"class_list":["post-241","page","type-page","status-publish","hentry"],"yoast_head":"<!-- This site is optimized with the Yoast SEO plugin v24.6 - https:\/\/yoast.com\/wordpress\/plugins\/seo\/ -->\n<title>Sobre Nosotros - Trans Achyro<\/title>\n<meta name=\"robots\" content=\"index, follow, max-snippet:-1, max-image-preview:large, max-video-preview:-1\" \/>\n<link rel=\"canonical\" href=\"https:\/\/transachyro.com\/?page_id=241\" \/>\n<meta property=\"og:locale\" content=\"es_ES\" \/>\n<meta property=\"og:type\" content=\"article\" \/>\n<meta property=\"og:title\" content=\"Sobre Nosotros - Trans Achyro\" \/>\n<meta property=\"og:description\" content=\"Sobre Nosotros En Trans Achyro, nos dedicamos a ofrecer a nuestros clientes una experiencia \u00fanica en la compra y venta [&hellip;]\" \/>\n<meta property=\"og:url\" content=\"https:\/\/transachyro.com\/?page_id=241\" \/>\n<meta property=\"og:site_name\" content=\"Trans Achyro\" \/>\n<meta property=\"article:modified_time\" content=\"2025-03-14T11:20:51+00:00\" \/>\n<meta property=\"og:image\" content=\"https:\/\/transachyro.com\/wp-content\/uploads\/2025\/03\/pareja-chateando-vendedor_13339-241425.jpg\" \/>\n\t<meta property=\"og:image:width\" content=\"626\" \/>\n\t<meta property=\"og:image:height\" content=\"417\" \/>\n\t<meta property=\"og:image:type\" content=\"image\/jpeg\" \/>\n<meta name=\"twitter:card\" content=\"summary_large_image\" \/>\n<meta name=\"twitter:label1\" content=\"Tiempo de lectura\" \/>\n\t<meta name=\"twitter:data1\" content=\"1 minuto\" \/>\n<script type=\"application\/ld+json\" class=\"yoast-schema-graph\">{\"@context\":\"https:\/\/schema.org\",\"@graph\":[{\"@type\":\"WebPage\",\"@id\":\"https:\/\/transachyro.com\/?page_id=241\",\"url\":\"https:\/\/transachyro.com\/?page_id=241\",\"name\":\"Sobre Nosotros - Trans Achyro\",\"isPartOf\":{\"@id\":\"https:\/\/transachyro.com\/#website\"},\"primaryImageOfPage\":{\"@id\":\"https:\/\/transachyro.com\/?page_id=241#primaryimage\"},\"image\":{\"@id\":\"https:\/\/transachyro.com\/?page_id=241#primaryimage\"},\"thumbnailUrl\":\"https:\/\/transachyro.com\/wp-content\/uploads\/2025\/03\/pareja-chateando-vendedor_13339-241425.jpg\",\"datePublished\":\"2025-03-14T10:57:05+00:00\",\"dateModified\":\"2025-03-14T11:20:51+00:00\",\"breadcrumb\":{\"@id\":\"https:\/\/transachyro.com\/?page_id=241#breadcrumb\"},\"inLanguage\":\"es\",\"potentialAction\":[{\"@type\":\"ReadAction\",\"target\":[\"https:\/\/transachyro.com\/?page_id=241\"]}]},{\"@type\":\"ImageObject\",\"inLanguage\":\"es\",\"@id\":\"https:\/\/transachyro.com\/?page_id=241#primaryimage\",\"url\":\"https:\/\/transachyro.com\/wp-content\/uploads\/2025\/03\/pareja-chateando-vendedor_13339-241425.jpg\",\"contentUrl\":\"https:\/\/transachyro.com\/wp-content\/uploads\/2025\/03\/pareja-chateando-vendedor_13339-241425.jpg\",\"width\":626,\"height\":417},{\"@type\":\"BreadcrumbList\",\"@id\":\"https:\/\/transachyro.com\/?page_id=241#breadcrumb\",\"itemListElement\":[{\"@type\":\"ListItem\",\"position\":1,\"name\":\"Portada\",\"item\":\"https:\/\/transachyro.com\/\"},{\"@type\":\"ListItem\",\"position\":2,\"name\":\"Sobre Nosotros\"}]},{\"@type\":\"WebSite\",\"@id\":\"https:\/\/transachyro.com\/#website\",\"url\":\"https:\/\/transachyro.com\/\",\"name\":\"Trans Achyro\",\"description\":\"\",\"publisher\":{\"@id\":\"https:\/\/transachyro.com\/#organization\"},\"potentialAction\":[{\"@type\":\"SearchAction\",\"target\":{\"@type\":\"EntryPoint\",\"urlTemplate\":\"https:\/\/transachyro.com\/?s={search_term_string}\"},\"query-input\":{\"@type\":\"PropertyValueSpecification\",\"valueRequired\":true,\"valueName\":\"search_term_string\"}}],\"inLanguage\":\"es\"},{\"@type\":\"Organization\",\"@id\":\"https:\/\/transachyro.com\/#organization\",\"name\":\"Trans Achyro\",\"url\":\"https:\/\/transachyro.com\/\",\"logo\":{\"@type\":\"ImageObject\",\"inLanguage\":\"es\",\"@id\":\"https:\/\/transachyro.com\/#\/schema\/logo\/image\/\",\"url\":\"https:\/\/transachyro.com\/wp-content\/uploads\/2025\/03\/cropped-DALL\u00b7E-2025-03-17-13.15.04-A-modern-and-elegant-logo-for-Trans-Achyro-a-car-buying-and-selling-company-in-Lerma.-The-design-should-incorporate-sleek-metallic-colors-like-silv.webp\",\"contentUrl\":\"https:\/\/transachyro.com\/wp-content\/uploads\/2025\/03\/cropped-DALL\u00b7E-2025-03-17-13.15.04-A-modern-and-elegant-logo-for-Trans-Achyro-a-car-buying-and-selling-company-in-Lerma.-The-design-should-incorporate-sleek-metallic-colors-like-silv.webp\",\"width\":512,\"height\":512,\"caption\":\"Trans Achyro\"},\"image\":{\"@id\":\"https:\/\/transachyro.com\/#\/schema\/logo\/image\/\"}}]}<\/script>\n<!-- \/ Yoast SEO plugin. -->","yoast_head_json":{"title":"Sobre Nosotros - Trans Achyro","robots":{"index":"index","follow":"follow","max-snippet":"max-snippet:-1","max-image-preview":"max-image-preview:large","max-video-preview":"max-video-preview:-1"},"canonical":"https:\/\/transachyro.com\/?page_id=241","og_locale":"es_ES","og_type":"article","og_title":"Sobre Nosotros - Trans Achyro","og_description":"Sobre Nosotros En Trans Achyro, nos dedicamos a ofrecer a nuestros clientes una experiencia \u00fanica en la compra y venta [&hellip;]","og_url":"https:\/\/transachyro.com\/?page_id=241","og_site_name":"Trans Achyro","article_modified_time":"2025-03-14T11:20:51+00:00","og_image":[{"width":626,"height":417,"url":"https:\/\/transachyro.com\/wp-content\/uploads\/2025\/03\/pareja-chateando-vendedor_13339-241425.jpg","type":"image\/jpeg"}],"twitter_card":"summary_large_image","twitter_misc":{"Tiempo de lectura":"1 minuto"},"schema":{"@context":"https:\/\/schema.org","@graph":[{"@type":"WebPage","@id":"https:\/\/transachyro.com\/?page_id=241","url":"https:\/\/transachyro.com\/?page_id=241","name":"Sobre Nosotros - Trans Achyro","isPartOf":{"@id":"https:\/\/transachyro.com\/#website"},"primaryImageOfPage":{"@id":"https:\/\/transachyro.com\/?page_id=241#primaryimage"},"image":{"@id":"https:\/\/transachyro.com\/?page_id=241#primaryimage"},"thumbnailUrl":"https:\/\/transachyro.com\/wp-content\/uploads\/2025\/03\/pareja-chateando-vendedor_13339-241425.jpg","datePublished":"2025-03-14T10:57:05+00:00","dateModified":"2025-03-14T11:20:51+00:00","breadcrumb":{"@id":"https:\/\/transachyro.com\/?page_id=241#breadcrumb"},"inLanguage":"es","potentialAction":[{"@type":"ReadAction","target":["https:\/\/transachyro.com\/?page_id=241"]}]},{"@type":"ImageObject","inLanguage":"es","@id":"https:\/\/transachyro.com\/?page_id=241#primaryimage","url":"https:\/\/transachyro.com\/wp-content\/uploads\/2025\/03\/pareja-chateando-vendedor_13339-241425.jpg","contentUrl":"https:\/\/transachyro.com\/wp-content\/uploads\/2025\/03\/pareja-chateando-vendedor_13339-241425.jpg","width":626,"height":417},{"@type":"BreadcrumbList","@id":"https:\/\/transachyro.com\/?page_id=241#breadcrumb","itemListElement":[{"@type":"ListItem","position":1,"name":"Portada","item":"https:\/\/transachyro.com\/"},{"@type":"ListItem","position":2,"name":"Sobre Nosotros"}]},{"@type":"WebSite","@id":"https:\/\/transachyro.com\/#website","url":"https:\/\/transachyro.com\/","name":"Trans Achyro","description":"","publisher":{"@id":"https:\/\/transachyro.com\/#organization"},"potentialAction":[{"@type":"SearchAction","target":{"@type":"EntryPoint","urlTemplate":"https:\/\/transachyro.com\/?s={search_term_string}"},"query-input":{"@type":"PropertyValueSpecification","valueRequired":true,"valueName":"search_term_string"}}],"inLanguage":"es"},{"@type":"Organization","@id":"https:\/\/transachyro.com\/#organization","name":"Trans Achyro","url":"https:\/\/transachyro.com\/","logo":{"@type":"ImageObject","inLanguage":"es","@id":"https:\/\/transachyro.com\/#\/schema\/logo\/image\/","url":"https:\/\/transachyro.com\/wp-content\/uploads\/2025\/03\/cropped-DALL\u00b7E-2025-03-17-13.15.04-A-modern-and-elegant-logo-for-Trans-Achyro-a-car-buying-and-selling-company-in-Lerma.-The-design-should-incorporate-sleek-metallic-colors-like-silv.webp","contentUrl":"https:\/\/transachyro.com\/wp-content\/uploads\/2025\/03\/cropped-DALL\u00b7E-2025-03-17-13.15.04-A-modern-and-elegant-logo-for-Trans-Achyro-a-car-buying-and-selling-company-in-Lerma.-The-design-should-incorporate-sleek-metallic-colors-like-silv.webp","width":512,"height":512,"caption":"Trans Achyro"},"image":{"@id":"https:\/\/transachyro.com\/#\/schema\/logo\/image\/"}}]}},"_links":{"self":[{"href":"https:\/\/transachyro.com\/index.php?rest_route=\/wp\/v2\/pages\/241","targetHints":{"allow":["GET"]}}],"collection":[{"href":"https:\/\/transachyro.com\/index.php?rest_route=\/wp\/v2\/pages"}],"about":[{"href":"https:\/\/transachyro.com\/index.php?rest_route=\/wp\/v2\/types\/page"}],"author":[{"embeddable":true,"href":"https:\/\/transachyro.com\/index.php?rest_route=\/wp\/v2\/users\/3"}],"replies":[{"embeddable":true,"href":"https:\/\/transachyro.com\/index.php?rest_route=%2Fwp%2Fv2%2Fcomments&post=241"}],"version-history":[{"count":31,"href":"https:\/\/transachyro.com\/index.php?rest_route=\/wp\/v2\/pages\/241\/revisions"}],"predecessor-version":[{"id":279,"href":"https:\/\/transachyro.com\/index.php?rest_route=\/wp\/v2\/pages\/241\/revisions\/279"}],"wp:attachment":[{"href":"https:\/\/transachyro.com\/index.php?rest_route=%2Fwp%2Fv2%2Fmedia&parent=241"}],"curies":[{"name":"wp","href":"https:\/\/api.w.org\/{rel}","templated":true}]}}